{"id":11,"date":"2020-09-10T07:57:31","date_gmt":"2020-09-10T07:57:31","guid":{"rendered":"https:\/\/aa.academiagalega.org\/?page_id=11"},"modified":"2020-09-23T08:36:36","modified_gmt":"2020-09-23T08:36:36","slug":"contacto","status":"publish","type":"page","link":"https:\/\/aa.academiagalega.org\/index.php\/contacto\/","title":{"rendered":"Contacto"},"content":{"rendered":"<p><img decoding=\"async\" class=\"alignnone size-medium wp-image-39\" src=\"https:\/\/aa.academiagalega.org\/wp-content\/uploads\/2020\/09\/AAlprovisional-300x48.jpg\" alt=\"\" width=\"300\" height=\"48\" \/><\/p>\n<p>Apontamentos Acad\u00e9micos<br \/>\nAdministra\u00e7\u00e3o<br \/>\naa[@]academiagalega.org<\/p>\n","protected":false},"excerpt":{"rendered":"<p>Apontamentos Acad\u00e9micos Administra\u00e7\u00e3o aaacademiagalega.org<\/p>\n","protected":false},"author":2,"featured_media":0,"parent":0,"menu_order":0,"comment_status":"closed","ping_status":"closed","template":"page-templates\/contact.php","meta":{"footnotes":""},"class_list":["post-11","page","type-page","status-publish","hentry"],"_links":{"self":[{"href":"https:\/\/aa.academiagalega.org\/index.php\/wp-json\/wp\/v2\/pages\/11","targetHints":{"allow":["GET"]}}],"collection":[{"href":"https:\/\/aa.academiagalega.org\/index.php\/wp-json\/wp\/v2\/pages"}],"about":[{"href":"https:\/\/aa.academiagalega.org\/index.php\/wp-json\/wp\/v2\/types\/page"}],"author":[{"embeddable":true,"href":"https:\/\/aa.academiagalega.org\/index.php\/wp-json\/wp\/v2\/users\/2"}],"replies":[{"embeddable":true,"href":"https:\/\/aa.academiagalega.org\/index.php\/wp-json\/wp\/v2\/comments?post=11"}],"version-history":[{"count":4,"href":"https:\/\/aa.academiagalega.org\/index.php\/wp-json\/wp\/v2\/pages\/11\/revisions"}],"predecessor-version":[{"id":46,"href":"https:\/\/aa.academiagalega.org\/index.php\/wp-json\/wp\/v2\/pages\/11\/revisions\/46"}],"wp:attachment":[{"href":"https:\/\/aa.academiagalega.org\/index.php\/wp-json\/wp\/v2\/media?parent=11"}],"curies":[{"name":"wp","href":"https:\/\/api.w.org\/{rel}","templated":true}]}}