{"id":43,"date":"2020-10-29T10:07:42","date_gmt":"2020-10-29T10:07:42","guid":{"rendered":"https:\/\/aa.academiagalega.org\/?page_id=43"},"modified":"2020-10-30T09:38:51","modified_gmt":"2020-10-30T09:38:51","slug":"politica-de-comentarios","status":"publish","type":"page","link":"https:\/\/aa.academiagalega.org\/index.php\/politica-de-comentarios\/","title":{"rendered":"Pol\u00edtica de coment\u00e1rios"},"content":{"rendered":"<p style=\"text-align: justify;\">A administra\u00e7\u00e3o do blogue reserva-se o direito de publicar os coment\u00e1rios.<\/p>\n<p style=\"text-align: justify;\">N\u00e3o ser\u00e3o permitidos coment\u00e1rios de an\u00f3nimos.<\/p>\n<p style=\"text-align: justify;\">N\u00e3o ser\u00e3o permitidos nem ataques pessoais, nem desqualifica\u00e7\u00f5es aos autores ou a outros comentaristas.<\/p>\n<p style=\"text-align: justify;\">Os comportamentos incivilizados e trollisticos ser\u00e3o, enquanto detetados, banidos.<\/p>\n<p style=\"text-align: justify;\">A fun\u00e7\u00e3o dos coment\u00e1rios \u00e9 a cr\u00edtica, o debate de ideias ou teses referidas nos conte\u00fados dos artigos. Para debates pessoais e di\u00e1logos interpessoais h\u00e1 outras ferramentas e redes sociais externas mais ajeitadas.<\/p>\n<p style=\"text-align: justify;\">Para refuta\u00e7\u00f5es ou r\u00e9plicas aos conte\u00fados recomenda-se a escrita de cartas \u00e0 reda\u00e7\u00e3o do blogue, ou artigos a publicar em revistas e sites, ou neste pr\u00f3prio espa\u00e7o sempre que se cumpram as pol\u00edticas de publica\u00e7\u00e3o e tenham a qualidade requerida.<\/p>\n<p>&nbsp;<\/p>\n<p>&nbsp;<\/p>\n<p><img decoding=\"async\" class=\"alignnone size-medium wp-image-19\" src=\"https:\/\/aa.academiagalega.org\/wp-content\/uploads\/2020\/09\/AAlogo_provisional-300x48.png\" alt=\"\" width=\"300\" height=\"48\" \/><\/p>\n<p>Administra\u00e7\u00e3o web<br \/>\n[aa@academiagalega.org]<\/p>\n<p>&nbsp;<\/p>\n","protected":false},"excerpt":{"rendered":"<p>A administra\u00e7\u00e3o do blogue reserva-se o direito de publicar os coment\u00e1rios. N\u00e3o ser\u00e3o permitidos coment\u00e1rios de an\u00f3nimos. N\u00e3o ser\u00e3o permitidos nem ataques pessoais, nem desqualifica\u00e7\u00f5es aos autores ou a outros comentaristas. Os comportamentos incivilizados e trollisticos ser\u00e3o, enquanto detetados, banidos. A fun\u00e7\u00e3o dos coment\u00e1rios \u00e9 a cr\u00edtica, o debate de ideias ou teses referidas nos conte\u00fados dos artigos. Para debates pessoais e di\u00e1logos interpessoais h\u00e1 outras ferramentas e redes sociais externas mais ajeitadas. Para refuta\u00e7\u00f5es ou r\u00e9plicas aos conte\u00fados recomenda-se a escrita de cartas \u00e0 reda\u00e7\u00e3o do blogue, ou artigos a publicar em revistas e sites, ou neste pr\u00f3prio espa\u00e7o <\/p>\n","protected":false},"author":2,"featured_media":19,"parent":0,"menu_order":0,"comment_status":"closed","ping_status":"closed","template":"","meta":{"footnotes":""},"class_list":["post-43","page","type-page","status-publish","has-post-thumbnail","hentry","has_thumb"],"_links":{"self":[{"href":"https:\/\/aa.academiagalega.org\/index.php\/wp-json\/wp\/v2\/pages\/43","targetHints":{"allow":["GET"]}}],"collection":[{"href":"https:\/\/aa.academiagalega.org\/index.php\/wp-json\/wp\/v2\/pages"}],"about":[{"href":"https:\/\/aa.academiagalega.org\/index.php\/wp-json\/wp\/v2\/types\/page"}],"author":[{"embeddable":true,"href":"https:\/\/aa.academiagalega.org\/index.php\/wp-json\/wp\/v2\/users\/2"}],"replies":[{"embeddable":true,"href":"https:\/\/aa.academiagalega.org\/index.php\/wp-json\/wp\/v2\/comments?post=43"}],"version-history":[{"count":2,"href":"https:\/\/aa.academiagalega.org\/index.php\/wp-json\/wp\/v2\/pages\/43\/revisions"}],"predecessor-version":[{"id":97,"href":"https:\/\/aa.academiagalega.org\/index.php\/wp-json\/wp\/v2\/pages\/43\/revisions\/97"}],"wp:featuredmedia":[{"embeddable":true,"href":"https:\/\/aa.academiagalega.org\/index.php\/wp-json\/wp\/v2\/media\/19"}],"wp:attachment":[{"href":"https:\/\/aa.academiagalega.org\/index.php\/wp-json\/wp\/v2\/media?parent=43"}],"curies":[{"name":"wp","href":"https:\/\/api.w.org\/{rel}","templated":true}]}}